{"id":1254,"date":"2023-09-21T13:37:07","date_gmt":"2023-09-21T11:37:07","guid":{"rendered":"https:\/\/kirwezelt.de\/?page_id=1254"},"modified":"2025-07-04T23:40:20","modified_gmt":"2025-07-04T21:40:20","slug":"sonntag","status":"publish","type":"page","link":"https:\/\/kirwezelt.de\/cz\/kirwe2022\/sonntag\/","title":{"rendered":"Kirwesonntag 2022 &#8211; Lap for young"},"content":{"rendered":"<div class=\"wp-block-image\">\n<figure class=\"aligncenter size-large is-resized\"><img loading=\"lazy\" decoding=\"async\" width=\"1024\" height=\"536\" src=\"https:\/\/kirwezelt.de\/wp-content\/uploads\/2022\/10\/sonntag-fb-2022-1024x536.jpg\" alt=\"\" class=\"wp-image-129\" style=\"width:100%\" srcset=\"https:\/\/kirwezelt.de\/wp-content\/uploads\/2022\/10\/sonntag-fb-2022-1024x536.jpg 1024w, https:\/\/kirwezelt.de\/wp-content\/uploads\/2022\/10\/sonntag-fb-2022-300x157.jpg 300w, https:\/\/kirwezelt.de\/wp-content\/uploads\/2022\/10\/sonntag-fb-2022-768x402.jpg 768w, https:\/\/kirwezelt.de\/wp-content\/uploads\/2022\/10\/sonntag-fb-2022.jpg 1200w\" sizes=\"auto, (max-width: 1024px) 100vw, 1024px\" \/><\/figure>\n<\/div>\n\n\n<p class=\"has-large-font-size\"><strong>Sonntag, 23. Oktober 2022 &#8211; 20:00 Uhr<\/strong><\/p>\n\n\n\n<p class=\"has-medium-font-size\"><strong>#lapforyoung&nbsp;&#8211; Der Name ist Programm!<br><\/strong>Es wird laut, es wird knallig, es wird bunt. Partystimmung garantiert. Der Kirwe-Sonntag geh\u00f6rt der jungen Generation.<\/p>\n\n\n\n<p class=\"has-medium-font-size\">Mit:<br><strong>DJ YANWAVE<br>musicmoritz<br>DJ 9oh<\/strong><\/p>\n\n\n\n<p><a href=\"https:\/\/www.facebook.com\/events\/662362888751880\" target=\"_blank\" rel=\"noreferrer noopener\">Auf Facebook anzeigen<\/a><\/p>\n","protected":false},"excerpt":{"rendered":"<p>Sonntag, 23. Oktober 2022 &#8211; 20:00 Uhr #lapforyoung&nbsp;&#8211; Der Name ist Programm!Es wird laut, es wird knallig, es wird bunt. Partystimmung garantiert. Der Kirwe-Sonntag geh\u00f6rt der jungen Generation. Mit:DJ YANWAVEmusicmoritzDJ 9oh Auf Facebook anzeigen<\/p>\n","protected":false},"author":1,"featured_media":0,"parent":2,"menu_order":0,"comment_status":"closed","ping_status":"closed","template":"","meta":{"footnotes":""},"class_list":["post-1254","page","type-page","status-publish","hentry"],"yoast_head":"<!-- This site is optimized with the Yoast SEO plugin v27.2 - https:\/\/yoast.com\/product\/yoast-seo-wordpress\/ -->\n<title>Kirwesonntag 2022 - Lap for young - KIRWEZELT ERLBACH<\/title>\n<meta name=\"robots\" content=\"index, follow, max-snippet:-1, max-image-preview:large, max-video-preview:-1\" \/>\n<link rel=\"canonical\" href=\"https:\/\/kirwezelt.de\/cz\/kirwe2022\/sonntag\/\" \/>\n<meta property=\"og:locale\" content=\"cs_CZ\" \/>\n<meta property=\"og:locale:alternate\" content=\"de_DE\" \/>\n<meta property=\"og:type\" content=\"article\" \/>\n<meta property=\"og:title\" content=\"Kirwesonntag 2022 - Lap for young - KIRWEZELT ERLBACH\" \/>\n<meta property=\"og:description\" content=\"Sonntag, 23. Oktober 2022 &#8211; 20:00 Uhr #lapforyoung&nbsp;&#8211; Der Name ist Programm!Es wird laut, es wird knallig, es wird bunt. Partystimmung garantiert. Der Kirwe-Sonntag geh\u00f6rt der jungen Generation. Mit:DJ YANWAVEmusicmoritzDJ 9oh Auf Facebook anzeigen\" \/>\n<meta property=\"og:url\" content=\"https:\/\/kirwezelt.de\/cz\/kirwe2022\/sonntag\/\" \/>\n<meta property=\"og:site_name\" content=\"KIRWEZELT ERLBACH\" \/>\n<meta property=\"article:publisher\" content=\"https:\/\/www.facebook.com\/Kirwezelt\" \/>\n<meta property=\"article:modified_time\" content=\"2025-07-04T21:40:20+00:00\" \/>\n<meta property=\"og:image\" content=\"https:\/\/kirwezelt.de\/wp-content\/uploads\/2021\/10\/sonntag-fb2.jpg\" \/>\n\t<meta property=\"og:image:width\" content=\"1200\" \/>\n\t<meta property=\"og:image:height\" content=\"628\" \/>\n\t<meta property=\"og:image:type\" content=\"image\/jpeg\" \/>\n<meta name=\"twitter:card\" content=\"summary_large_image\" \/>\n<meta name=\"twitter:image\" content=\"https:\/\/kirwezelt.de\/wp-content\/uploads\/2021\/10\/sonntag-fb2.jpg\" \/>\n<meta name=\"twitter:label1\" content=\"Odhadovan\u00e1 doba \u010dten\u00ed\" \/>\n\t<meta name=\"twitter:data1\" content=\"1 minuta\" \/>\n<!-- \/ Yoast SEO plugin. -->","yoast_head_json":{"title":"Kirwesonntag 2022 - Lap for young - KIRWEZELT ERLBACH","robots":{"index":"index","follow":"follow","max-snippet":"max-snippet:-1","max-image-preview":"max-image-preview:large","max-video-preview":"max-video-preview:-1"},"canonical":"https:\/\/kirwezelt.de\/cz\/kirwe2022\/sonntag\/","og_locale":"cs_CZ","og_type":"article","og_title":"Kirwesonntag 2022 - Lap for young - KIRWEZELT ERLBACH","og_description":"Sonntag, 23. Oktober 2022 &#8211; 20:00 Uhr #lapforyoung&nbsp;&#8211; Der Name ist Programm!Es wird laut, es wird knallig, es wird bunt. Partystimmung garantiert. Der Kirwe-Sonntag geh\u00f6rt der jungen Generation. Mit:DJ YANWAVEmusicmoritzDJ 9oh Auf Facebook anzeigen","og_url":"https:\/\/kirwezelt.de\/cz\/kirwe2022\/sonntag\/","og_site_name":"KIRWEZELT ERLBACH","article_publisher":"https:\/\/www.facebook.com\/Kirwezelt","article_modified_time":"2025-07-04T21:40:20+00:00","og_image":[{"width":1200,"height":628,"url":"https:\/\/kirwezelt.de\/wp-content\/uploads\/2021\/10\/sonntag-fb2.jpg","type":"image\/jpeg"}],"twitter_card":"summary_large_image","twitter_image":"https:\/\/kirwezelt.de\/wp-content\/uploads\/2021\/10\/sonntag-fb2.jpg","twitter_misc":{"Odhadovan\u00e1 doba \u010dten\u00ed":"1 minuta"},"schema":{"@context":"https:\/\/schema.org","@graph":[{"@type":"WebPage","@id":"https:\/\/kirwezelt.de\/kirwe2022\/sonntag\/","url":"https:\/\/kirwezelt.de\/kirwe2022\/sonntag\/","name":"Kirwesonntag 2022 - Lap for young - KIRWEZELT ERLBACH","isPartOf":{"@id":"https:\/\/kirwezelt.de\/#website"},"primaryImageOfPage":{"@id":"https:\/\/kirwezelt.de\/kirwe2022\/sonntag\/#primaryimage"},"image":{"@id":"https:\/\/kirwezelt.de\/kirwe2022\/sonntag\/#primaryimage"},"thumbnailUrl":"https:\/\/kirwezelt.de\/wp-content\/uploads\/2022\/10\/sonntag-fb-2022-1024x536.jpg","datePublished":"2023-09-21T11:37:07+00:00","dateModified":"2025-07-04T21:40:20+00:00","breadcrumb":{"@id":"https:\/\/kirwezelt.de\/kirwe2022\/sonntag\/#breadcrumb"},"inLanguage":"cs-CZ","potentialAction":[{"@type":"ReadAction","target":["https:\/\/kirwezelt.de\/kirwe2022\/sonntag\/"]}]},{"@type":"ImageObject","inLanguage":"cs-CZ","@id":"https:\/\/kirwezelt.de\/kirwe2022\/sonntag\/#primaryimage","url":"https:\/\/kirwezelt.de\/wp-content\/uploads\/2022\/10\/sonntag-fb-2022-1024x536.jpg","contentUrl":"https:\/\/kirwezelt.de\/wp-content\/uploads\/2022\/10\/sonntag-fb-2022-1024x536.jpg"},{"@type":"BreadcrumbList","@id":"https:\/\/kirwezelt.de\/kirwe2022\/sonntag\/#breadcrumb","itemListElement":[{"@type":"ListItem","position":1,"name":"Startseite","item":"https:\/\/kirwezelt.de\/cz\/"},{"@type":"ListItem","position":2,"name":"Kirwezelt Erlbach 2022","item":"https:\/\/kirwezelt.de\/kirwe2022\/"},{"@type":"ListItem","position":3,"name":"Kirwesonntag 2022 &#8211; Lap for young"}]},{"@type":"WebSite","@id":"https:\/\/kirwezelt.de\/#website","url":"https:\/\/kirwezelt.de\/","name":"KIRWEZELT ERLBACH","description":"Wem k\u00f6iert die Kirwe?","publisher":{"@id":"https:\/\/kirwezelt.de\/#organization"},"potentialAction":[{"@type":"SearchAction","target":{"@type":"EntryPoint","urlTemplate":"https:\/\/kirwezelt.de\/?s={search_term_string}"},"query-input":{"@type":"PropertyValueSpecification","valueRequired":true,"valueName":"search_term_string"}}],"inLanguage":"cs-CZ"},{"@type":"Organization","@id":"https:\/\/kirwezelt.de\/#organization","name":"KIRWEZELT ERLBACH VERANSTALTUNGS Gbr","alternateName":"KIRWEZELT ERLBACH","url":"https:\/\/kirwezelt.de\/","logo":{"@type":"ImageObject","inLanguage":"cs-CZ","@id":"https:\/\/kirwezelt.de\/#\/schema\/logo\/image\/","url":"https:\/\/kirwezelt.de\/wp-content\/uploads\/2025\/07\/fb-profilbild-2025.jpg","contentUrl":"https:\/\/kirwezelt.de\/wp-content\/uploads\/2025\/07\/fb-profilbild-2025.jpg","width":1200,"height":1200,"caption":"KIRWEZELT ERLBACH VERANSTALTUNGS Gbr"},"image":{"@id":"https:\/\/kirwezelt.de\/#\/schema\/logo\/image\/"},"sameAs":["https:\/\/www.facebook.com\/Kirwezelt","https:\/\/www.instagram.com\/kirwezelt\/"]}]}},"_links":{"self":[{"href":"https:\/\/kirwezelt.de\/cz\/wp-json\/wp\/v2\/pages\/1254","targetHints":{"allow":["GET"]}}],"collection":[{"href":"https:\/\/kirwezelt.de\/cz\/wp-json\/wp\/v2\/pages"}],"about":[{"href":"https:\/\/kirwezelt.de\/cz\/wp-json\/wp\/v2\/types\/page"}],"author":[{"embeddable":true,"href":"https:\/\/kirwezelt.de\/cz\/wp-json\/wp\/v2\/users\/1"}],"replies":[{"embeddable":true,"href":"https:\/\/kirwezelt.de\/cz\/wp-json\/wp\/v2\/comments?post=1254"}],"version-history":[{"count":3,"href":"https:\/\/kirwezelt.de\/cz\/wp-json\/wp\/v2\/pages\/1254\/revisions"}],"predecessor-version":[{"id":1483,"href":"https:\/\/kirwezelt.de\/cz\/wp-json\/wp\/v2\/pages\/1254\/revisions\/1483"}],"up":[{"embeddable":true,"href":"https:\/\/kirwezelt.de\/cz\/wp-json\/wp\/v2\/pages\/2"}],"wp:attachment":[{"href":"https:\/\/kirwezelt.de\/cz\/wp-json\/wp\/v2\/media?parent=1254"}],"curies":[{"name":"wp","href":"https:\/\/api.w.org\/{rel}","templated":true}]}}