{"id":1455,"date":"2025-07-04T21:25:39","date_gmt":"2025-07-04T19:25:39","guid":{"rendered":"https:\/\/kirwezelt.de\/?page_id=1455"},"modified":"2026-01-22T12:38:55","modified_gmt":"2026-01-22T11:38:55","slug":"kontakt","status":"publish","type":"page","link":"https:\/\/kirwezelt.de\/cz\/kontakt\/","title":{"rendered":"Kontakt"},"content":{"rendered":"\n<div class=\"wpcf7 no-js\" id=\"wpcf7-f1643-o1\" lang=\"de-DE\" dir=\"ltr\" data-wpcf7-id=\"1643\">\n<div class=\"screen-reader-response\"><p role=\"status\" aria-live=\"polite\" aria-atomic=\"true\"><\/p> <ul><\/ul><\/div>\n<form action=\"\/cz\/wp-json\/wp\/v2\/pages\/1455#wpcf7-f1643-o1\" method=\"post\" class=\"wpcf7-form init\" aria-label=\"Kontaktformular\" novalidate=\"novalidate\" data-status=\"init\">\n<fieldset class=\"hidden-fields-container\"><input type=\"hidden\" name=\"_wpcf7\" value=\"1643\" \/><input type=\"hidden\" name=\"_wpcf7_version\" value=\"6.1.5\" \/><input type=\"hidden\" name=\"_wpcf7_locale\" value=\"de_DE\" \/><input type=\"hidden\" name=\"_wpcf7_unit_tag\" value=\"wpcf7-f1643-o1\" \/><input type=\"hidden\" name=\"_wpcf7_container_post\" value=\"0\" \/><input type=\"hidden\" name=\"_wpcf7_posted_data_hash\" value=\"\" \/><input type=\"hidden\" name=\"lang\" value=\"cz\" \/><input type=\"hidden\" name=\"_wpcf7_recaptcha_response\" value=\"\" \/>\n<\/fieldset>\n<p><label style=\"width: 100%; max-width: 410px;\"> Tvoje jm\u00e9no*<br \/>\n<span class=\"wpcf7-form-control-wrap\" data-name=\"your-name\"><input size=\"40\" maxlength=\"400\" class=\"wpcf7-form-control wpcf7-text wpcf7-validates-as-required\" autocomplete=\"name\" aria-required=\"true\" aria-invalid=\"false\" value=\"\" type=\"text\" name=\"your-name\" \/><\/span> <\/label>\n<\/p>\n<p><label style=\"width: 100%; max-width: 410px;\"> Tvoje e-mailov\u00e1 adresa*<br \/>\n<span class=\"wpcf7-form-control-wrap\" data-name=\"your-email\"><input size=\"40\" maxlength=\"400\" class=\"wpcf7-form-control wpcf7-email wpcf7-validates-as-required wpcf7-text wpcf7-validates-as-email\" autocomplete=\"email\" aria-required=\"true\" aria-invalid=\"false\" value=\"\" type=\"email\" name=\"your-email\" \/><\/span> <\/label>\n<\/p>\n<p><label style=\"width: 100%;\"> P\u0159edm\u011bt*<br \/>\n<span class=\"wpcf7-form-control-wrap\" data-name=\"your-subject\"><input size=\"40\" maxlength=\"400\" class=\"wpcf7-form-control wpcf7-text wpcf7-validates-as-required\" aria-required=\"true\" aria-invalid=\"false\" value=\"\" type=\"text\" name=\"your-subject\" \/><\/span> <\/label>\n<\/p>\n<p><label style=\"width: 100%;\"> Tvoje zpr\u00e1va<br \/>\n<span class=\"wpcf7-form-control-wrap\" data-name=\"your-message\"><textarea cols=\"40\" rows=\"10\" maxlength=\"2000\" class=\"wpcf7-form-control wpcf7-textarea\" aria-invalid=\"false\" name=\"your-message\"><\/textarea><\/span> <\/label>\n<\/p>\n<p><span class=\"wpcf7-form-control-wrap\" data-name=\"acceptance-424\"><span class=\"wpcf7-form-control wpcf7-acceptance\"><span class=\"wpcf7-list-item\"><label><input type=\"checkbox\" name=\"acceptance-424\" value=\"1\" aria-invalid=\"false\" \/><span class=\"wpcf7-list-item-label\">T\u00edmto souhlas\u00edm s t\u00edm, aby m\u00e9 zadan\u00e9 \u00fadaje byly elektronicky ulo\u017eeny a zpracov\u00e1v\u00e1ny za \u00fa\u010delem nav\u00e1z\u00e1n\u00ed kontaktu. Je mi zn\u00e1mo, \u017ee sv\u016fj souhlas mohu kdykoli odvolat. Dal\u0161\u00ed informace naleznete v na\u0161ich <a target=\"_blank\" href=\"https:\/\/kirwezelt.de\/cz\/datenschutzerklarung\">z\u00e1sad\u00e1ch ochrany osobn\u00edch \u00fadaj\u016f.<\/a>.<\/span><\/label><\/span><\/span><\/span>\n<\/p>\n<p><input class=\"wpcf7-form-control wpcf7-submit has-spinner btn btn-danger\" type=\"submit\" value=\"Odeslat\" \/>\n<\/p><div class=\"wpcf7-response-output\" aria-hidden=\"true\"><\/div>\n<\/form>\n<\/div>\n\n","protected":false},"excerpt":{"rendered":"","protected":false},"author":1,"featured_media":0,"parent":0,"menu_order":0,"comment_status":"closed","ping_status":"closed","template":"","meta":{"footnotes":""},"class_list":["post-1455","page","type-page","status-publish","hentry"],"yoast_head":"<!-- This site is optimized with the Yoast SEO plugin v27.4 - https:\/\/yoast.com\/product\/yoast-seo-wordpress\/ -->\n<title>Kontakt<\/title>\n<meta name=\"robots\" content=\"index, follow, max-snippet:-1, max-image-preview:large, max-video-preview:-1\" \/>\n<link rel=\"canonical\" href=\"https:\/\/kirwezelt.de\/cz\/kontakt\/\" \/>\n<meta property=\"og:locale\" content=\"cs_CZ\" \/>\n<meta property=\"og:locale:alternate\" content=\"de_DE\" \/>\n<meta property=\"og:type\" content=\"article\" \/>\n<meta property=\"og:title\" content=\"Kontakt\" \/>\n<meta property=\"og:url\" content=\"https:\/\/kirwezelt.de\/cz\/kontakt\/\" \/>\n<meta property=\"og:site_name\" content=\"KIRWEZELT ERLBACH\" \/>\n<meta property=\"article:publisher\" content=\"https:\/\/www.facebook.com\/Kirwezelt\" \/>\n<meta property=\"article:modified_time\" content=\"2026-01-22T11:38:55+00:00\" \/>\n<meta property=\"og:image\" content=\"https:\/\/kirwezelt.de\/wp-content\/uploads\/2025\/10\/kirwezelt-grafik-2026.png\" \/>\n\t<meta property=\"og:image:width\" content=\"1200\" \/>\n\t<meta property=\"og:image:height\" content=\"932\" \/>\n\t<meta property=\"og:image:type\" content=\"image\/png\" \/>\n<meta name=\"twitter:card\" content=\"summary_large_image\" \/>\n<!-- \/ Yoast SEO plugin. -->","yoast_head_json":{"title":"Kontakt","robots":{"index":"index","follow":"follow","max-snippet":"max-snippet:-1","max-image-preview":"max-image-preview:large","max-video-preview":"max-video-preview:-1"},"canonical":"https:\/\/kirwezelt.de\/cz\/kontakt\/","og_locale":"cs_CZ","og_type":"article","og_title":"[:de]Kontakt[:cz]Kontakt[:] - KIRWEZELT ERLBACH","og_url":"https:\/\/kirwezelt.de\/cz\/kontakt\/","og_site_name":"KIRWEZELT ERLBACH","article_publisher":"https:\/\/www.facebook.com\/Kirwezelt","article_modified_time":"2026-01-22T11:38:55+00:00","og_image":[{"width":1200,"height":932,"url":"https:\/\/kirwezelt.de\/wp-content\/uploads\/2025\/10\/kirwezelt-grafik-2026.png","type":"image\/png"}],"twitter_card":"summary_large_image","schema":{"@context":"https:\/\/schema.org","@graph":[{"@type":"WebPage","@id":"https:\/\/kirwezelt.de\/cz\/kontakt\/","url":"https:\/\/kirwezelt.de\/cz\/kontakt\/","name":"Kontakt","isPartOf":{"@id":"https:\/\/kirwezelt.de\/#website"},"datePublished":"2025-07-04T19:25:39+00:00","dateModified":"2026-01-22T11:38:55+00:00","breadcrumb":{"@id":"https:\/\/kirwezelt.de\/cz\/kontakt\/#breadcrumb"},"inLanguage":"cs-CZ","potentialAction":[{"@type":"ReadAction","target":["https:\/\/kirwezelt.de\/cz\/kontakt\/"]}]},{"@type":"BreadcrumbList","@id":"https:\/\/kirwezelt.de\/cz\/kontakt\/#breadcrumb","itemListElement":[{"@type":"ListItem","position":1,"name":"Startseite","item":"https:\/\/kirwezelt.de\/cz\/"},{"@type":"ListItem","position":2,"name":"Kontakt"}]},{"@type":"WebSite","@id":"https:\/\/kirwezelt.de\/#website","url":"https:\/\/kirwezelt.de\/","name":"KIRWEZELT ERLBACH","description":"Wem k\u00f6iert die Kirwe?","publisher":{"@id":"https:\/\/kirwezelt.de\/#organization"},"potentialAction":[{"@type":"SearchAction","target":{"@type":"EntryPoint","urlTemplate":"https:\/\/kirwezelt.de\/?s={search_term_string}"},"query-input":{"@type":"PropertyValueSpecification","valueRequired":true,"valueName":"search_term_string"}}],"inLanguage":"cs-CZ"},{"@type":"Organization","@id":"https:\/\/kirwezelt.de\/#organization","name":"KIRWEZELT ERLBACH VERANSTALTUNGS Gbr","alternateName":"KIRWEZELT ERLBACH","url":"https:\/\/kirwezelt.de\/","logo":{"@type":"ImageObject","inLanguage":"cs-CZ","@id":"https:\/\/kirwezelt.de\/#\/schema\/logo\/image\/","url":"https:\/\/kirwezelt.de\/wp-content\/uploads\/2025\/07\/fb-profilbild-2025.jpg","contentUrl":"https:\/\/kirwezelt.de\/wp-content\/uploads\/2025\/07\/fb-profilbild-2025.jpg","width":1200,"height":1200,"caption":"KIRWEZELT ERLBACH VERANSTALTUNGS Gbr"},"image":{"@id":"https:\/\/kirwezelt.de\/#\/schema\/logo\/image\/"},"sameAs":["https:\/\/www.facebook.com\/Kirwezelt","https:\/\/www.instagram.com\/kirwezelt\/"]}]}},"_links":{"self":[{"href":"https:\/\/kirwezelt.de\/cz\/wp-json\/wp\/v2\/pages\/1455","targetHints":{"allow":["GET"]}}],"collection":[{"href":"https:\/\/kirwezelt.de\/cz\/wp-json\/wp\/v2\/pages"}],"about":[{"href":"https:\/\/kirwezelt.de\/cz\/wp-json\/wp\/v2\/types\/page"}],"author":[{"embeddable":true,"href":"https:\/\/kirwezelt.de\/cz\/wp-json\/wp\/v2\/users\/1"}],"replies":[{"embeddable":true,"href":"https:\/\/kirwezelt.de\/cz\/wp-json\/wp\/v2\/comments?post=1455"}],"version-history":[{"count":2,"href":"https:\/\/kirwezelt.de\/cz\/wp-json\/wp\/v2\/pages\/1455\/revisions"}],"predecessor-version":[{"id":1644,"href":"https:\/\/kirwezelt.de\/cz\/wp-json\/wp\/v2\/pages\/1455\/revisions\/1644"}],"wp:attachment":[{"href":"https:\/\/kirwezelt.de\/cz\/wp-json\/wp\/v2\/media?parent=1455"}],"curies":[{"name":"wp","href":"https:\/\/api.w.org\/{rel}","templated":true}]}}