{"id":1600,"date":"2025-10-22T10:43:02","date_gmt":"2025-10-22T08:43:02","guid":{"rendered":"https:\/\/kirwezelt.de\/?page_id=1600"},"modified":"2026-01-22T13:06:25","modified_gmt":"2026-01-22T12:06:25","slug":"kirwe2025","status":"publish","type":"page","link":"https:\/\/kirwezelt.de\/cz\/kirwe2025\/","title":{"rendered":"Kirwezelt Erlbach 2025"},"content":{"rendered":"\n<h1 class=\"wp-block-heading has-text-align-center kirwe-font-no\">17. <strong>\u0159\u00edjna &#8211; 19. \u0159\u00edjna 2025<\/strong><\/h1>\n\n\n\n<h2 class=\"wp-block-heading has-text-align-center\">P\u00e1tek 17. \u0159\u00edjna 2025<br><strong>Kirwefreitag s Last Rising a RaschHour<\/strong><\/h2>\n\n\n<div class=\"wp-block-image\">\n<figure class=\"aligncenter size-large\"><img loading=\"lazy\" decoding=\"async\" width=\"1024\" height=\"537\" src=\"https:\/\/kirwezelt.de\/wp-content\/uploads\/2025\/09\/freitag-fb-2025-1024x537.jpg\" alt=\"Kirwefreitag mit Last Rising und Rasch Hour\" class=\"wp-image-1558\" style=\"object-fit:cover\" srcset=\"https:\/\/kirwezelt.de\/wp-content\/uploads\/2025\/09\/freitag-fb-2025-1024x537.jpg 1024w, https:\/\/kirwezelt.de\/wp-content\/uploads\/2025\/09\/freitag-fb-2025-300x157.jpg 300w, https:\/\/kirwezelt.de\/wp-content\/uploads\/2025\/09\/freitag-fb-2025-768x403.jpg 768w, https:\/\/kirwezelt.de\/wp-content\/uploads\/2025\/09\/freitag-fb-2025-1536x806.jpg 1536w, https:\/\/kirwezelt.de\/wp-content\/uploads\/2025\/09\/freitag-fb-2025.jpg 2000w\" sizes=\"auto, (max-width: 1024px) 100vw, 1024px\" \/><\/figure>\n<\/div>\n\n\n<p><\/p>\n\n\n\n<p><strong>Rockov\u00fd p\u00e1tek v Kirwezeltu!<\/strong><br>V p\u00e1tek 17.10. je to kone\u010dn\u011b tady: od 20:00 hodin se Kirwezelt otev\u00edr\u00e1 a p\u0159ipravte se na nezapomenuteln\u00fd ve\u010der pln\u00fd rockov\u00e9 hudby a skv\u011bl\u00e9 n\u00e1lady! T\u011b\u0161te se na kapelu &#8220;Last Rising&#8221; a support act &#8220;RaschHour&#8221; \u2013 zaru\u010den\u00e1 \u017eiv\u00e1 energie!<br>P\u0159ij\u010fte na Rockov\u00fd p\u00e1tek a zajist\u011bte si v\u00edkendovou Kirwezelt kultovn\u00ed p\u00e1sku!<\/p>\n\n\n\n<hr class=\"wp-block-separator has-alpha-channel-opacity\"\/>\n\n\n\n<h2 class=\"wp-block-heading has-text-align-center\">Sobota, 18. \u0159\u00edjna 2025<br>Kirwesamstag se Surfaces<\/h2>\n\n\n<div class=\"wp-block-image\">\n<figure class=\"aligncenter size-large\"><img loading=\"lazy\" decoding=\"async\" width=\"1024\" height=\"536\" src=\"https:\/\/kirwezelt.de\/wp-content\/uploads\/2025\/09\/samstag-fb-2025-1024x536.jpg\" alt=\"\" class=\"wp-image-1567\" style=\"object-fit:cover\" srcset=\"https:\/\/kirwezelt.de\/wp-content\/uploads\/2025\/09\/samstag-fb-2025-1024x536.jpg 1024w, https:\/\/kirwezelt.de\/wp-content\/uploads\/2025\/09\/samstag-fb-2025-300x157.jpg 300w, https:\/\/kirwezelt.de\/wp-content\/uploads\/2025\/09\/samstag-fb-2025-768x402.jpg 768w, https:\/\/kirwezelt.de\/wp-content\/uploads\/2025\/09\/samstag-fb-2025.jpg 1200w\" sizes=\"auto, (max-width: 1024px) 100vw, 1024px\" \/><\/figure>\n<\/div>\n\n\n<p><\/p>\n\n\n\n<p><strong>Party hore\u010dka v Kirwezeltu!<\/strong><br>V sobotu 18.10. to znovu vypukne: Party hore\u010dka v Kirwezeltu! Od 20:00 hodin se o skv\u011blou atmosf\u00e9ru postar\u00e1 \u017eiv\u00e1 kapela &#8220;Surfaces&#8221; \u2013 a mezi t\u00edm bude legend\u00e1rn\u00ed Kirwe-DJ hr\u00e1t a roztan\u010d\u00ed tane\u010dn\u00ed parket!<br>Slavit, tancovat, zp\u00edvat \u2013 perfektn\u00ed sobota na Kirwe v\u00e1s \u010dek\u00e1!<\/p>\n\n\n\n<hr class=\"wp-block-separator has-alpha-channel-opacity\"\/>\n\n\n\n<h2 class=\"wp-block-heading has-text-align-center\">Ned\u011ble, 19. \u0159\u00edjna 2025<br>Kirwesonntag &#8211; Den 3 &#8211; Lap pro mlad\u00e9<\/h2>\n\n\n<div class=\"wp-block-image\">\n<figure class=\"aligncenter size-large\"><img loading=\"lazy\" decoding=\"async\" width=\"1024\" height=\"536\" src=\"https:\/\/kirwezelt.de\/wp-content\/uploads\/2025\/09\/sonntag-fb-2025-1024x536.jpg\" alt=\"\" class=\"wp-image-1573\" style=\"object-fit:cover\" srcset=\"https:\/\/kirwezelt.de\/wp-content\/uploads\/2025\/09\/sonntag-fb-2025-1024x536.jpg 1024w, https:\/\/kirwezelt.de\/wp-content\/uploads\/2025\/09\/sonntag-fb-2025-300x157.jpg 300w, https:\/\/kirwezelt.de\/wp-content\/uploads\/2025\/09\/sonntag-fb-2025-768x402.jpg 768w, https:\/\/kirwezelt.de\/wp-content\/uploads\/2025\/09\/sonntag-fb-2025.jpg 1200w\" sizes=\"auto, (max-width: 1024px) 100vw, 1024px\" \/><\/figure>\n<\/div>\n\n\n<p><\/p>\n\n\n\n<p><strong>#lapforyoung &#8211; N\u00e1zev mluv\u00ed za v\u0161e!<\/strong><br>Bude to hlasit\u00e9, bude to v\u00fdrazn\u00e9, bude to barevn\u00e9 s musicmoritz aka. DJ Mo. Zaru\u010den\u00e1 p\u00e1rty atmosf\u00e9ra. Kirwe ned\u011ble pat\u0159\u00ed mlad\u00e9 generaci.<\/p>\n\n\n\n<hr class=\"wp-block-separator has-alpha-channel-opacity\"\/>\n\n\n\n<p><\/p>\n","protected":false},"excerpt":{"rendered":"<p>17. \u0159\u00edjna &#8211; 19. \u0159\u00edjna 2025 P\u00e1tek 17. \u0159\u00edjna 2025Kirwefreitag s Last Rising a RaschHour Rockov\u00fd p\u00e1tek v Kirwezeltu!V p\u00e1tek 17.10. je to kone\u010dn\u011b tady: od 20:00 hodin se Kirwezelt otev\u00edr\u00e1 a p\u0159ipravte se na nezapomenuteln\u00fd ve\u010der pln\u00fd rockov\u00e9 hudby a skv\u011bl\u00e9 n\u00e1lady! T\u011b\u0161te se na kapelu &#8220;Last Rising&#8221; a support act &#8220;RaschHour&#8221; \u2013 zaru\u010den\u00e1 [&hellip;]<\/p>\n","protected":false},"author":1,"featured_media":1488,"parent":0,"menu_order":0,"comment_status":"closed","ping_status":"open","template":"","meta":{"footnotes":""},"class_list":["post-1600","page","type-page","status-publish","has-post-thumbnail","hentry"],"yoast_head":"<!-- This site is optimized with the Yoast SEO plugin v27.4 - https:\/\/yoast.com\/product\/yoast-seo-wordpress\/ -->\n<title>KIRWEZELT ERLBACH<\/title>\n<meta name=\"description\" content=\"KIRWE Erlbach 2025 | 17. Oktober - 19. Oktober 2025 | 3 Tage Kirwezelt\" \/>\n<meta name=\"robots\" content=\"index, follow, max-snippet:-1, max-image-preview:large, max-video-preview:-1\" \/>\n<link rel=\"canonical\" href=\"https:\/\/kirwezelt.de\/cz\/kirwe2025\/\" \/>\n<meta property=\"og:locale\" content=\"cs_CZ\" \/>\n<meta property=\"og:locale:alternate\" content=\"de_DE\" \/>\n<meta property=\"og:type\" content=\"article\" \/>\n<meta property=\"og:title\" content=\"KIRWEZELT ERLBACH\" \/>\n<meta property=\"og:description\" content=\"KIRWE Erlbach 2025 | 17. Oktober - 19. Oktober 2025 | 3 Tage Kirwezelt\" \/>\n<meta property=\"og:url\" content=\"https:\/\/kirwezelt.de\/cz\/kirwe2025\/\" \/>\n<meta property=\"og:site_name\" content=\"KIRWEZELT ERLBACH\" \/>\n<meta property=\"article:publisher\" content=\"https:\/\/www.facebook.com\/Kirwezelt\" \/>\n<meta property=\"article:modified_time\" content=\"2026-01-22T12:06:25+00:00\" \/>\n<meta property=\"og:image\" content=\"https:\/\/kirwezelt.de\/wp-content\/uploads\/2025\/07\/fb-titelbild-2025.jpeg\" \/>\n\t<meta property=\"og:image:width\" content=\"1200\" \/>\n\t<meta property=\"og:image:height\" content=\"457\" \/>\n\t<meta property=\"og:image:type\" content=\"image\/jpeg\" \/>\n<meta name=\"twitter:card\" content=\"summary_large_image\" \/>\n<meta name=\"twitter:title\" content=\"KIRWEZELT ERLBACH\" \/>\n<meta name=\"twitter:description\" content=\"KIRWE Erlbach 2022 | 21. Oktober - 24. Oktober 2022 | NOBODY, LAST RISING, ECHT STARK und LAP FOR YOUNG\" \/>\n<meta name=\"twitter:image\" content=\"https:\/\/kirwezelt.de\/wp-content\/uploads\/2023\/09\/Kirwe2022-WE-Ticket-2023-scaled.jpg\" \/>\n<meta name=\"twitter:label1\" content=\"Odhadovan\u00e1 doba \u010dten\u00ed\" \/>\n\t<meta name=\"twitter:data1\" content=\"1 minuta\" \/>\n<!-- \/ Yoast SEO plugin. -->","yoast_head_json":{"title":"KIRWEZELT ERLBACH","description":"KIRWE Erlbach 2025 | 17. Oktober - 19. Oktober 2025 | 3 Tage Kirwezelt","robots":{"index":"index","follow":"follow","max-snippet":"max-snippet:-1","max-image-preview":"max-image-preview:large","max-video-preview":"max-video-preview:-1"},"canonical":"https:\/\/kirwezelt.de\/cz\/kirwe2025\/","og_locale":"cs_CZ","og_type":"article","og_title":"KIRWEZELT ERLBACH","og_description":"KIRWE Erlbach 2025 | 17. Oktober - 19. Oktober 2025 | 3 Tage Kirwezelt","og_url":"https:\/\/kirwezelt.de\/cz\/kirwe2025\/","og_site_name":"KIRWEZELT ERLBACH","article_publisher":"https:\/\/www.facebook.com\/Kirwezelt","article_modified_time":"2026-01-22T12:06:25+00:00","og_image":[{"width":1200,"height":457,"url":"https:\/\/kirwezelt.de\/wp-content\/uploads\/2025\/07\/fb-titelbild-2025.jpeg","type":"image\/jpeg"}],"twitter_card":"summary_large_image","twitter_title":"KIRWEZELT ERLBACH","twitter_description":"KIRWE Erlbach 2022 | 21. Oktober - 24. Oktober 2022 | NOBODY, LAST RISING, ECHT STARK und LAP FOR YOUNG","twitter_image":"https:\/\/kirwezelt.de\/wp-content\/uploads\/2023\/09\/Kirwe2022-WE-Ticket-2023-scaled.jpg","twitter_misc":{"Odhadovan\u00e1 doba \u010dten\u00ed":"1 minuta"},"schema":{"@context":"https:\/\/schema.org","@graph":[{"@type":"WebPage","@id":"https:\/\/kirwezelt.de\/cz\/kirwe2025\/","url":"https:\/\/kirwezelt.de\/cz\/kirwe2025\/","name":"KIRWEZELT ERLBACH","isPartOf":{"@id":"https:\/\/kirwezelt.de\/#website"},"primaryImageOfPage":{"@id":"https:\/\/kirwezelt.de\/cz\/kirwe2025\/#primaryimage"},"image":{"@id":"https:\/\/kirwezelt.de\/cz\/kirwe2025\/#primaryimage"},"thumbnailUrl":"https:\/\/kirwezelt.de\/wp-content\/uploads\/2025\/07\/fb-profilbild-2025.jpg","datePublished":"2025-10-22T08:43:02+00:00","dateModified":"2026-01-22T12:06:25+00:00","description":"KIRWE Erlbach 2025 | 17. Oktober - 19. Oktober 2025 | 3 Tage Kirwezelt","breadcrumb":{"@id":"https:\/\/kirwezelt.de\/cz\/kirwe2025\/#breadcrumb"},"inLanguage":"cs-CZ","potentialAction":[{"@type":"ReadAction","target":["https:\/\/kirwezelt.de\/cz\/kirwe2025\/"]}]},{"@type":"ImageObject","inLanguage":"cs-CZ","@id":"https:\/\/kirwezelt.de\/cz\/kirwe2025\/#primaryimage","url":"https:\/\/kirwezelt.de\/wp-content\/uploads\/2025\/07\/fb-profilbild-2025.jpg","contentUrl":"https:\/\/kirwezelt.de\/wp-content\/uploads\/2025\/07\/fb-profilbild-2025.jpg","width":1200,"height":1200},{"@type":"BreadcrumbList","@id":"https:\/\/kirwezelt.de\/cz\/kirwe2025\/#breadcrumb","itemListElement":[{"@type":"ListItem","position":1,"name":"Startseite","item":"https:\/\/kirwezelt.de\/cz\/"},{"@type":"ListItem","position":2,"name":"Kirwezelt Erlbach 2025"}]},{"@type":"WebSite","@id":"https:\/\/kirwezelt.de\/#website","url":"https:\/\/kirwezelt.de\/","name":"KIRWEZELT ERLBACH","description":"Wem k\u00f6iert die Kirwe?","publisher":{"@id":"https:\/\/kirwezelt.de\/#organization"},"potentialAction":[{"@type":"SearchAction","target":{"@type":"EntryPoint","urlTemplate":"https:\/\/kirwezelt.de\/?s={search_term_string}"},"query-input":{"@type":"PropertyValueSpecification","valueRequired":true,"valueName":"search_term_string"}}],"inLanguage":"cs-CZ"},{"@type":"Organization","@id":"https:\/\/kirwezelt.de\/#organization","name":"KIRWEZELT ERLBACH VERANSTALTUNGS Gbr","alternateName":"KIRWEZELT ERLBACH","url":"https:\/\/kirwezelt.de\/","logo":{"@type":"ImageObject","inLanguage":"cs-CZ","@id":"https:\/\/kirwezelt.de\/#\/schema\/logo\/image\/","url":"https:\/\/kirwezelt.de\/wp-content\/uploads\/2025\/07\/fb-profilbild-2025.jpg","contentUrl":"https:\/\/kirwezelt.de\/wp-content\/uploads\/2025\/07\/fb-profilbild-2025.jpg","width":1200,"height":1200,"caption":"KIRWEZELT ERLBACH VERANSTALTUNGS Gbr"},"image":{"@id":"https:\/\/kirwezelt.de\/#\/schema\/logo\/image\/"},"sameAs":["https:\/\/www.facebook.com\/Kirwezelt","https:\/\/www.instagram.com\/kirwezelt\/"]}]}},"_links":{"self":[{"href":"https:\/\/kirwezelt.de\/cz\/wp-json\/wp\/v2\/pages\/1600","targetHints":{"allow":["GET"]}}],"collection":[{"href":"https:\/\/kirwezelt.de\/cz\/wp-json\/wp\/v2\/pages"}],"about":[{"href":"https:\/\/kirwezelt.de\/cz\/wp-json\/wp\/v2\/types\/page"}],"author":[{"embeddable":true,"href":"https:\/\/kirwezelt.de\/cz\/wp-json\/wp\/v2\/users\/1"}],"replies":[{"embeddable":true,"href":"https:\/\/kirwezelt.de\/cz\/wp-json\/wp\/v2\/comments?post=1600"}],"version-history":[{"count":8,"href":"https:\/\/kirwezelt.de\/cz\/wp-json\/wp\/v2\/pages\/1600\/revisions"}],"predecessor-version":[{"id":1652,"href":"https:\/\/kirwezelt.de\/cz\/wp-json\/wp\/v2\/pages\/1600\/revisions\/1652"}],"wp:featuredmedia":[{"embeddable":true,"href":"https:\/\/kirwezelt.de\/cz\/wp-json\/wp\/v2\/media\/1488"}],"wp:attachment":[{"href":"https:\/\/kirwezelt.de\/cz\/wp-json\/wp\/v2\/media?parent=1600"}],"curies":[{"name":"wp","href":"https:\/\/api.w.org\/{rel}","templated":true}]}}