{"id":2,"date":"2021-10-18T13:01:55","date_gmt":"2021-10-18T11:01:55","guid":{"rendered":"http:\/\/kirwezelt.de\/?page_id=2"},"modified":"2025-07-04T22:33:00","modified_gmt":"2025-07-04T20:33:00","slug":"kirwe2022","status":"publish","type":"page","link":"https:\/\/kirwezelt.de\/cz\/kirwe2022\/","title":{"rendered":"Kirwezelt Erlbach 2022"},"content":{"rendered":"\n<h2 class=\"wp-block-heading has-text-align-center\">Freitag, 21. Oktober 2022 &#8211; 20:00 Uhr<\/h2>\n\n\n<div class=\"wp-block-image\">\n<figure class=\"aligncenter size-large is-resized\"><a href=\"https:\/\/kirwezelt.de\/kirwe2022\/freitag\/\"><img loading=\"lazy\" decoding=\"async\" width=\"1024\" height=\"536\" src=\"https:\/\/kirwezelt.de\/wp-content\/uploads\/2022\/10\/freitag-fb-2022-1024x536.jpg\" alt=\"\" class=\"wp-image-126\" style=\"width:100%;\" srcset=\"https:\/\/kirwezelt.de\/wp-content\/uploads\/2022\/10\/freitag-fb-2022-1024x536.jpg 1024w, https:\/\/kirwezelt.de\/wp-content\/uploads\/2022\/10\/freitag-fb-2022-300x157.jpg 300w, https:\/\/kirwezelt.de\/wp-content\/uploads\/2022\/10\/freitag-fb-2022-768x402.jpg 768w, https:\/\/kirwezelt.de\/wp-content\/uploads\/2022\/10\/freitag-fb-2022.jpg 1200w\" sizes=\"auto, (max-width: 1024px) 100vw, 1024px\" \/><\/a><\/figure>\n<\/div>\n\n\n<p><\/p>\n\n\n\n<h2 class=\"wp-block-heading has-text-align-center\">Samstag, 22. Oktober 2022 &#8211; 20:00 Uhr<\/h2>\n\n\n<div class=\"wp-block-image\">\n<figure class=\"aligncenter size-large is-resized\"><a href=\"https:\/\/kirwezelt.de\/kirwe2022\/samstag\/\"><img loading=\"lazy\" decoding=\"async\" width=\"1024\" height=\"536\" src=\"https:\/\/kirwezelt.de\/wp-content\/uploads\/2022\/10\/samstag-fb-2022-1024x536.jpg\" alt=\"\" class=\"wp-image-128\" style=\"width:100%;\" srcset=\"https:\/\/kirwezelt.de\/wp-content\/uploads\/2022\/10\/samstag-fb-2022-1024x536.jpg 1024w, https:\/\/kirwezelt.de\/wp-content\/uploads\/2022\/10\/samstag-fb-2022-300x157.jpg 300w, https:\/\/kirwezelt.de\/wp-content\/uploads\/2022\/10\/samstag-fb-2022-768x402.jpg 768w, https:\/\/kirwezelt.de\/wp-content\/uploads\/2022\/10\/samstag-fb-2022.jpg 1200w\" sizes=\"auto, (max-width: 1024px) 100vw, 1024px\" \/><\/a><\/figure>\n<\/div>\n\n\n<p><\/p>\n\n\n\n<h2 class=\"wp-block-heading has-text-align-center\">Sonntag, 23. Oktober 2022 &#8211; 20:00 Uhr<\/h2>\n\n\n<div class=\"wp-block-image\">\n<figure class=\"aligncenter size-large is-resized\"><a href=\"https:\/\/kirwezelt.de\/kirwe2022\/sonntag\/\"><img loading=\"lazy\" decoding=\"async\" width=\"1024\" height=\"536\" src=\"https:\/\/kirwezelt.de\/wp-content\/uploads\/2022\/10\/sonntag-fb-2022-1024x536.jpg\" alt=\"\" class=\"wp-image-129\" style=\"width:100%;\" srcset=\"https:\/\/kirwezelt.de\/wp-content\/uploads\/2022\/10\/sonntag-fb-2022-1024x536.jpg 1024w, https:\/\/kirwezelt.de\/wp-content\/uploads\/2022\/10\/sonntag-fb-2022-300x157.jpg 300w, https:\/\/kirwezelt.de\/wp-content\/uploads\/2022\/10\/sonntag-fb-2022-768x402.jpg 768w, https:\/\/kirwezelt.de\/wp-content\/uploads\/2022\/10\/sonntag-fb-2022.jpg 1200w\" sizes=\"auto, (max-width: 1024px) 100vw, 1024px\" \/><\/a><\/figure>\n<\/div>\n\n\n<p><\/p>\n\n\n\n<h2 class=\"wp-block-heading has-text-align-center\">Montag, 24. Oktober 2022 &#8211; 09:00 Uhr<\/h2>\n\n\n<div class=\"wp-block-image is-style-default\">\n<figure class=\"aligncenter size-full is-resized\"><a href=\"https:\/\/kirwezelt.de\/kirwe2022\/montag\/\"><img loading=\"lazy\" decoding=\"async\" width=\"960\" height=\"502\" src=\"https:\/\/kirwezelt.de\/wp-content\/uploads\/2022\/10\/308876011_525894826202346_8593277475531130243_n.jpg\" alt=\"\" class=\"wp-image-170\" style=\"width:100%;\" srcset=\"https:\/\/kirwezelt.de\/wp-content\/uploads\/2022\/10\/308876011_525894826202346_8593277475531130243_n.jpg 960w, https:\/\/kirwezelt.de\/wp-content\/uploads\/2022\/10\/308876011_525894826202346_8593277475531130243_n-300x157.jpg 300w, https:\/\/kirwezelt.de\/wp-content\/uploads\/2022\/10\/308876011_525894826202346_8593277475531130243_n-768x402.jpg 768w\" sizes=\"auto, (max-width: 960px) 100vw, 960px\" \/><\/a><\/figure>\n<\/div>","protected":false},"excerpt":{"rendered":"<p>Freitag, 21. Oktober 2022 &#8211; 20:00 Uhr Samstag, 22. Oktober 2022 &#8211; 20:00 Uhr Sonntag, 23. Oktober 2022 &#8211; 20:00 Uhr Montag, 24. Oktober 2022 &#8211; 09:00 Uhr<\/p>\n","protected":false},"author":1,"featured_media":167,"parent":0,"menu_order":0,"comment_status":"closed","ping_status":"closed","template":"","meta":{"footnotes":""},"class_list":["post-2","page","type-page","status-publish","has-post-thumbnail","hentry"],"yoast_head":"<!-- This site is optimized with the Yoast SEO plugin v27.4 - https:\/\/yoast.com\/product\/yoast-seo-wordpress\/ -->\n<title>KIRWEZELT ERLBACH<\/title>\n<meta name=\"description\" content=\"KIRWE Erlbach 2022 | 21. Oktober - 24. Oktober 2022 | NOBODY, LAST RISING, ECHT STARK und LAP FOR YOUNG\" \/>\n<meta name=\"robots\" content=\"index, follow, max-snippet:-1, max-image-preview:large, max-video-preview:-1\" \/>\n<link rel=\"canonical\" href=\"https:\/\/kirwezelt.de\/cz\/kirwe2022\/\" \/>\n<meta property=\"og:locale\" content=\"cs_CZ\" \/>\n<meta property=\"og:locale:alternate\" content=\"de_DE\" \/>\n<meta property=\"og:type\" content=\"article\" \/>\n<meta property=\"og:title\" content=\"KIRWEZELT ERLBACH\" \/>\n<meta property=\"og:description\" content=\"KIRWE Erlbach 2022 | 21. Oktober - 24. Oktober 2022 | NOBODY, LAST RISING, ECHT STARK und LAP FOR YOUNG\" \/>\n<meta property=\"og:url\" content=\"https:\/\/kirwezelt.de\/cz\/kirwe2022\/\" \/>\n<meta property=\"og:site_name\" content=\"KIRWEZELT ERLBACH\" \/>\n<meta property=\"article:publisher\" content=\"https:\/\/www.facebook.com\/Kirwezelt\" \/>\n<meta property=\"article:modified_time\" content=\"2025-07-04T20:33:00+00:00\" \/>\n<meta property=\"og:image\" content=\"https:\/\/kirwezelt.de\/wp-content\/uploads\/2022\/10\/Kirwe2022-WE-Ticket-v200.jpg\" \/>\n\t<meta property=\"og:image:width\" content=\"1500\" \/>\n\t<meta property=\"og:image:height\" content=\"844\" \/>\n\t<meta property=\"og:image:type\" content=\"image\/jpeg\" \/>\n<meta name=\"twitter:card\" content=\"summary_large_image\" \/>\n<meta name=\"twitter:title\" content=\"KIRWEZELT ERLBACH\" \/>\n<meta name=\"twitter:description\" content=\"KIRWE Erlbach 2022 | 21. Oktober - 24. Oktober 2022 | NOBODY, LAST RISING, ECHT STARK und LAP FOR YOUNG\" \/>\n<meta name=\"twitter:image\" content=\"https:\/\/kirwezelt.de\/wp-content\/uploads\/2022\/10\/Kirwe2022-WE-Ticket-v200.jpg\" \/>\n<meta name=\"twitter:label1\" content=\"Odhadovan\u00e1 doba \u010dten\u00ed\" \/>\n\t<meta name=\"twitter:data1\" content=\"1 minuta\" \/>\n<!-- \/ Yoast SEO plugin. -->","yoast_head_json":{"title":"KIRWEZELT ERLBACH","description":"KIRWE Erlbach 2022 | 21. Oktober - 24. Oktober 2022 | NOBODY, LAST RISING, ECHT STARK und LAP FOR YOUNG","robots":{"index":"index","follow":"follow","max-snippet":"max-snippet:-1","max-image-preview":"max-image-preview:large","max-video-preview":"max-video-preview:-1"},"canonical":"https:\/\/kirwezelt.de\/cz\/kirwe2022\/","og_locale":"cs_CZ","og_type":"article","og_title":"KIRWEZELT ERLBACH","og_description":"KIRWE Erlbach 2022 | 21. Oktober - 24. Oktober 2022 | NOBODY, LAST RISING, ECHT STARK und LAP FOR YOUNG","og_url":"https:\/\/kirwezelt.de\/cz\/kirwe2022\/","og_site_name":"KIRWEZELT ERLBACH","article_publisher":"https:\/\/www.facebook.com\/Kirwezelt","article_modified_time":"2025-07-04T20:33:00+00:00","og_image":[{"width":1500,"height":844,"url":"https:\/\/kirwezelt.de\/wp-content\/uploads\/2022\/10\/Kirwe2022-WE-Ticket-v200.jpg","type":"image\/jpeg"}],"twitter_card":"summary_large_image","twitter_title":"KIRWEZELT ERLBACH","twitter_description":"KIRWE Erlbach 2022 | 21. Oktober - 24. Oktober 2022 | NOBODY, LAST RISING, ECHT STARK und LAP FOR YOUNG","twitter_image":"https:\/\/kirwezelt.de\/wp-content\/uploads\/2022\/10\/Kirwe2022-WE-Ticket-v200.jpg","twitter_misc":{"Odhadovan\u00e1 doba \u010dten\u00ed":"1 minuta"},"schema":{"@context":"https:\/\/schema.org","@graph":[{"@type":"WebPage","@id":"https:\/\/kirwezelt.de\/kirwe2022\/","url":"https:\/\/kirwezelt.de\/kirwe2022\/","name":"KIRWEZELT ERLBACH","isPartOf":{"@id":"https:\/\/kirwezelt.de\/#website"},"primaryImageOfPage":{"@id":"https:\/\/kirwezelt.de\/kirwe2022\/#primaryimage"},"image":{"@id":"https:\/\/kirwezelt.de\/kirwe2022\/#primaryimage"},"thumbnailUrl":"https:\/\/kirwezelt.de\/wp-content\/uploads\/2022\/10\/Kirwe2022-WE-Ticket-v200.jpg","datePublished":"2021-10-18T11:01:55+00:00","dateModified":"2025-07-04T20:33:00+00:00","description":"KIRWE Erlbach 2022 | 21. Oktober - 24. Oktober 2022 | NOBODY, LAST RISING, ECHT STARK und LAP FOR YOUNG","breadcrumb":{"@id":"https:\/\/kirwezelt.de\/kirwe2022\/#breadcrumb"},"inLanguage":"cs-CZ","potentialAction":[{"@type":"ReadAction","target":["https:\/\/kirwezelt.de\/kirwe2022\/"]}]},{"@type":"ImageObject","inLanguage":"cs-CZ","@id":"https:\/\/kirwezelt.de\/kirwe2022\/#primaryimage","url":"https:\/\/kirwezelt.de\/wp-content\/uploads\/2022\/10\/Kirwe2022-WE-Ticket-v200.jpg","contentUrl":"https:\/\/kirwezelt.de\/wp-content\/uploads\/2022\/10\/Kirwe2022-WE-Ticket-v200.jpg","width":1500,"height":844},{"@type":"BreadcrumbList","@id":"https:\/\/kirwezelt.de\/kirwe2022\/#breadcrumb","itemListElement":[{"@type":"ListItem","position":1,"name":"Startseite","item":"https:\/\/kirwezelt.de\/cz\/"},{"@type":"ListItem","position":2,"name":"Kirwezelt Erlbach 2022"}]},{"@type":"WebSite","@id":"https:\/\/kirwezelt.de\/#website","url":"https:\/\/kirwezelt.de\/","name":"KIRWEZELT ERLBACH","description":"Wem k\u00f6iert die Kirwe?","publisher":{"@id":"https:\/\/kirwezelt.de\/#organization"},"potentialAction":[{"@type":"SearchAction","target":{"@type":"EntryPoint","urlTemplate":"https:\/\/kirwezelt.de\/?s={search_term_string}"},"query-input":{"@type":"PropertyValueSpecification","valueRequired":true,"valueName":"search_term_string"}}],"inLanguage":"cs-CZ"},{"@type":"Organization","@id":"https:\/\/kirwezelt.de\/#organization","name":"KIRWEZELT ERLBACH VERANSTALTUNGS Gbr","alternateName":"KIRWEZELT ERLBACH","url":"https:\/\/kirwezelt.de\/","logo":{"@type":"ImageObject","inLanguage":"cs-CZ","@id":"https:\/\/kirwezelt.de\/#\/schema\/logo\/image\/","url":"https:\/\/kirwezelt.de\/wp-content\/uploads\/2025\/07\/fb-profilbild-2025.jpg","contentUrl":"https:\/\/kirwezelt.de\/wp-content\/uploads\/2025\/07\/fb-profilbild-2025.jpg","width":1200,"height":1200,"caption":"KIRWEZELT ERLBACH VERANSTALTUNGS Gbr"},"image":{"@id":"https:\/\/kirwezelt.de\/#\/schema\/logo\/image\/"},"sameAs":["https:\/\/www.facebook.com\/Kirwezelt","https:\/\/www.instagram.com\/kirwezelt\/"]}]}},"_links":{"self":[{"href":"https:\/\/kirwezelt.de\/cz\/wp-json\/wp\/v2\/pages\/2","targetHints":{"allow":["GET"]}}],"collection":[{"href":"https:\/\/kirwezelt.de\/cz\/wp-json\/wp\/v2\/pages"}],"about":[{"href":"https:\/\/kirwezelt.de\/cz\/wp-json\/wp\/v2\/types\/page"}],"author":[{"embeddable":true,"href":"https:\/\/kirwezelt.de\/cz\/wp-json\/wp\/v2\/users\/1"}],"replies":[{"embeddable":true,"href":"https:\/\/kirwezelt.de\/cz\/wp-json\/wp\/v2\/comments?post=2"}],"version-history":[{"count":9,"href":"https:\/\/kirwezelt.de\/cz\/wp-json\/wp\/v2\/pages\/2\/revisions"}],"predecessor-version":[{"id":1471,"href":"https:\/\/kirwezelt.de\/cz\/wp-json\/wp\/v2\/pages\/2\/revisions\/1471"}],"wp:featuredmedia":[{"embeddable":true,"href":"https:\/\/kirwezelt.de\/cz\/wp-json\/wp\/v2\/media\/167"}],"wp:attachment":[{"href":"https:\/\/kirwezelt.de\/cz\/wp-json\/wp\/v2\/media?parent=2"}],"curies":[{"name":"wp","href":"https:\/\/api.w.org\/{rel}","templated":true}]}}