{"id":96,"date":"2021-10-18T16:14:40","date_gmt":"2021-10-18T14:14:40","guid":{"rendered":"https:\/\/kirwezelt.de\/?page_id=96"},"modified":"2026-01-22T11:26:25","modified_gmt":"2026-01-22T10:26:25","slug":"impressum","status":"publish","type":"page","link":"https:\/\/kirwezelt.de\/cz\/impressum\/","title":{"rendered":"Impressum"},"content":{"rendered":"\n<h4 class=\"wp-block-heading has-text-align-center\">\u00dadaje podle \u00a7 5 German TMG<\/h4>\n\n\n\n<h4 class=\"wp-block-heading has-text-align-center\">KIRWEZELT ERLBACH VERANSTALTUNGS Gbr<\/h4>\n\n\n\n<p class=\"has-text-align-center\">Gopplasgr\u00fcner Str. 23<br>08258 Erlbach<br>N\u011bmecko<\/p>\n\n\n\n<p class=\"has-text-align-center\">E-Mail:&nbsp;<a href=\"mailto:info@kirwezelt.de\">info@kirwezelt.de<\/a><\/p>\n\n\n\n<h4 class=\"wp-block-heading\">\u0158e\u0161en\u00ed spor\u016f<\/h4>\n\n\n\n<p>Evropsk\u00e1 komise poskytuje platformu pro online \u0159e\u0161en\u00ed spor\u016f (OS): https:\/\/ec.europa.eu\/consumers\/odr. Na\u0161i e-mailovou adresu naleznete v\u00fd\u0161e v Impressu. Nejsme ochotni ani povinni se \u00fa\u010dastnit \u0159\u00edzen\u00ed p\u0159ed spot\u0159ebitelskou sm\u00edr\u010d\u00ed komis\u00ed.<\/p>\n\n\n\n<p><strong>Odpov\u011bdnost za obsah<\/strong><\/p>\n\n\n\n<p>Jako poskytovatel\u00e9 slu\u017eeb jsme podle \u00a7 7 odst. 1 TMG odpov\u011bdn\u00ed za vlastn\u00ed obsah na t\u011bchto str\u00e1nk\u00e1ch podle obecn\u00fdch pr\u00e1vn\u00edch p\u0159edpis\u016f. Podle \u00a7\u00a7 8 a\u017e 10 TMG v\u0161ak jako poskytovatel\u00e9 slu\u017eeb nejsme povinni monitorovat p\u0159en\u00e1\u0161en\u00e9 nebo ulo\u017een\u00e9 ciz\u00ed informace nebo p\u00e1trat po okolnostech, kter\u00e9 nazna\u010duj\u00ed protipr\u00e1vn\u00ed \u010dinnost. Povinnosti odstranit nebo zablokovat pou\u017eit\u00ed informac\u00ed podle obecn\u00fdch pr\u00e1vn\u00edch p\u0159edpis\u016f t\u00edm nejsou dot\u010deny. Odpov\u011bdnost v tomto ohledu je v\u0161ak mo\u017en\u00e1 a\u017e od okam\u017eiku, kdy se dozv\u00edme o konkr\u00e9tn\u00edm poru\u0161en\u00ed pr\u00e1va. P\u0159i zji\u0161t\u011bn\u00ed p\u0159\u00edslu\u0161n\u00e9ho poru\u0161en\u00ed pr\u00e1va tyto informace okam\u017eit\u011b odstran\u00edme.<\/p>\n\n\n\n<p><strong>Odpov\u011bdnost za odkazy<\/strong><\/p>\n\n\n\n<p>Na\u0161e nab\u00eddka obsahuje odkazy na extern\u00ed webov\u00e9 str\u00e1nky t\u0159et\u00edch stran, jejich\u017e obsah nem\u00e1me pod kontrolou. Proto nem\u016f\u017eeme p\u0159evz\u00edt odpov\u011bdnost za tento ciz\u00ed obsah. Za obsah propojen\u00fdch str\u00e1nek je v\u017edy odpov\u011bdn\u00fd p\u0159\u00edslu\u0161n\u00fd poskytovatel nebo provozovatel t\u011bchto str\u00e1nek. Propojen\u00e9 str\u00e1nky byly p\u0159i propojen\u00ed zkontrolov\u00e1ny na mo\u017en\u00e9 pr\u00e1vn\u00ed poru\u0161en\u00ed. Neleg\u00e1ln\u00ed obsah nebyl v dob\u011b propojen\u00ed zji\u0161t\u011bn. Trval\u00e1 kontrola obsahu propojen\u00fdch str\u00e1nek v\u0161ak nen\u00ed vzhledem k absenci konkr\u00e9tn\u00edch d\u016fkaz\u016f o poru\u0161en\u00ed pr\u00e1va p\u0159im\u011b\u0159en\u00e1. P\u0159i zji\u0161t\u011bn\u00ed pr\u00e1vn\u00edch poru\u0161en\u00ed takov\u00e9 odkazy okam\u017eit\u011b odstran\u00edme.<\/p>\n\n\n\n<p><strong>Autorsk\u00e1 pr\u00e1va<\/strong><\/p>\n\n\n\n<p>Obsah a d\u00edla vytvo\u0159en\u00e1 provozovatelem str\u00e1nek na t\u011bchto str\u00e1nk\u00e1ch podl\u00e9haj\u00ed n\u011bmeck\u00e9mu autorsk\u00e9mu pr\u00e1vu. Kop\u00edrov\u00e1n\u00ed, \u00fapravy, \u0161\u00ed\u0159en\u00ed a jak\u00e9koli vyu\u017eit\u00ed mimo r\u00e1mec autorsk\u00e9ho pr\u00e1va vy\u017eaduje p\u00edsemn\u00fd souhlas p\u0159\u00edslu\u0161n\u00e9ho autora nebo tv\u016frce. Stahov\u00e1n\u00ed a kopie t\u00e9to str\u00e1nky jsou povoleny pouze pro soukrom\u00e9, nekomer\u010dn\u00ed pou\u017eit\u00ed. Pokud obsah na t\u00e9to str\u00e1nce nebyl vytvo\u0159en provozovatelem, jsou respektov\u00e1na autorsk\u00e1 pr\u00e1va t\u0159et\u00edch stran. Obsah t\u0159et\u00edch stran je ozna\u010den jako takov\u00fd. Pokud p\u0159esto naraz\u00edte na poru\u0161en\u00ed autorsk\u00fdch pr\u00e1v, \u017e\u00e1d\u00e1me v\u00e1s o p\u0159\u00edslu\u0161n\u00e9 upozorn\u011bn\u00ed. P\u0159i zji\u0161t\u011bn\u00ed pr\u00e1vn\u00edch poru\u0161en\u00ed tyto obsahov\u00e9 prvky okam\u017eit\u011b odstran\u00edme.<\/p>\n","protected":false},"excerpt":{"rendered":"<p>\u00dadaje podle \u00a7 5 German TMG KIRWEZELT ERLBACH VERANSTALTUNGS Gbr Gopplasgr\u00fcner Str. 2308258 ErlbachN\u011bmecko E-Mail:&nbsp;info@kirwezelt.de \u0158e\u0161en\u00ed spor\u016f Evropsk\u00e1 komise poskytuje platformu pro online \u0159e\u0161en\u00ed spor\u016f (OS): https:\/\/ec.europa.eu\/consumers\/odr. Na\u0161i e-mailovou adresu naleznete v\u00fd\u0161e v Impressu. Nejsme ochotni ani povinni se \u00fa\u010dastnit \u0159\u00edzen\u00ed p\u0159ed spot\u0159ebitelskou sm\u00edr\u010d\u00ed komis\u00ed. Odpov\u011bdnost za obsah Jako poskytovatel\u00e9 slu\u017eeb jsme podle \u00a7 7 [&hellip;]<\/p>\n","protected":false},"author":1,"featured_media":0,"parent":0,"menu_order":0,"comment_status":"closed","ping_status":"closed","template":"","meta":{"footnotes":""},"class_list":["post-96","page","type-page","status-publish","hentry"],"yoast_head":"<!-- This site is optimized with the Yoast SEO plugin v27.4 - https:\/\/yoast.com\/product\/yoast-seo-wordpress\/ -->\n<title>Impressum<\/title>\n<meta name=\"robots\" content=\"index, follow, max-snippet:-1, max-image-preview:large, max-video-preview:-1\" \/>\n<link rel=\"canonical\" href=\"https:\/\/kirwezelt.de\/cz\/impressum\/\" \/>\n<meta property=\"og:locale\" content=\"cs_CZ\" \/>\n<meta property=\"og:locale:alternate\" content=\"de_DE\" \/>\n<meta property=\"og:type\" content=\"article\" \/>\n<meta property=\"og:title\" content=\"Impressum\" \/>\n<meta property=\"og:description\" content=\"\u00dadaje podle \u00a7 5 German TMG KIRWEZELT ERLBACH VERANSTALTUNGS Gbr Gopplasgr\u00fcner Str. 2308258 ErlbachN\u011bmecko E-Mail:&nbsp;info@kirwezelt.de \u0158e\u0161en\u00ed spor\u016f Evropsk\u00e1 komise poskytuje platformu pro online \u0159e\u0161en\u00ed spor\u016f (OS): https:\/\/ec.europa.eu\/consumers\/odr. Na\u0161i e-mailovou adresu naleznete v\u00fd\u0161e v Impressu. Nejsme ochotni ani povinni se \u00fa\u010dastnit \u0159\u00edzen\u00ed p\u0159ed spot\u0159ebitelskou sm\u00edr\u010d\u00ed komis\u00ed. Odpov\u011bdnost za obsah Jako poskytovatel\u00e9 slu\u017eeb jsme podle \u00a7 7 [&hellip;]\" \/>\n<meta property=\"og:url\" content=\"https:\/\/kirwezelt.de\/cz\/impressum\/\" \/>\n<meta property=\"og:site_name\" content=\"KIRWEZELT ERLBACH\" \/>\n<meta property=\"article:publisher\" content=\"https:\/\/www.facebook.com\/Kirwezelt\" \/>\n<meta property=\"article:modified_time\" content=\"2026-01-22T10:26:25+00:00\" \/>\n<meta property=\"og:image\" content=\"https:\/\/kirwezelt.de\/wp-content\/uploads\/2025\/10\/kirwezelt-grafik-2026.png\" \/>\n\t<meta property=\"og:image:width\" content=\"1200\" \/>\n\t<meta property=\"og:image:height\" content=\"932\" \/>\n\t<meta property=\"og:image:type\" content=\"image\/png\" \/>\n<meta name=\"twitter:card\" content=\"summary_large_image\" \/>\n<meta name=\"twitter:label1\" content=\"Odhadovan\u00e1 doba \u010dten\u00ed\" \/>\n\t<meta name=\"twitter:data1\" content=\"2 minuty\" \/>\n<!-- \/ Yoast SEO plugin. -->","yoast_head_json":{"title":"Impressum","robots":{"index":"index","follow":"follow","max-snippet":"max-snippet:-1","max-image-preview":"max-image-preview:large","max-video-preview":"max-video-preview:-1"},"canonical":"https:\/\/kirwezelt.de\/cz\/impressum\/","og_locale":"cs_CZ","og_type":"article","og_title":"[:de]Impressum[:cz]Impressum[:] - KIRWEZELT ERLBACH","og_description":"\u00dadaje podle \u00a7 5 German TMG KIRWEZELT ERLBACH VERANSTALTUNGS Gbr Gopplasgr\u00fcner Str. 2308258 ErlbachN\u011bmecko E-Mail:&nbsp;info@kirwezelt.de \u0158e\u0161en\u00ed spor\u016f Evropsk\u00e1 komise poskytuje platformu pro online \u0159e\u0161en\u00ed spor\u016f (OS): https:\/\/ec.europa.eu\/consumers\/odr. Na\u0161i e-mailovou adresu naleznete v\u00fd\u0161e v Impressu. Nejsme ochotni ani povinni se \u00fa\u010dastnit \u0159\u00edzen\u00ed p\u0159ed spot\u0159ebitelskou sm\u00edr\u010d\u00ed komis\u00ed. Odpov\u011bdnost za obsah Jako poskytovatel\u00e9 slu\u017eeb jsme podle \u00a7 7 [&hellip;]","og_url":"https:\/\/kirwezelt.de\/cz\/impressum\/","og_site_name":"KIRWEZELT ERLBACH","article_publisher":"https:\/\/www.facebook.com\/Kirwezelt","article_modified_time":"2026-01-22T10:26:25+00:00","og_image":[{"width":1200,"height":932,"url":"https:\/\/kirwezelt.de\/wp-content\/uploads\/2025\/10\/kirwezelt-grafik-2026.png","type":"image\/png"}],"twitter_card":"summary_large_image","twitter_misc":{"Odhadovan\u00e1 doba \u010dten\u00ed":"2 minuty"},"schema":{"@context":"https:\/\/schema.org","@graph":[{"@type":"WebPage","@id":"https:\/\/kirwezelt.de\/cz\/impressum\/","url":"https:\/\/kirwezelt.de\/cz\/impressum\/","name":"Impressum","isPartOf":{"@id":"https:\/\/kirwezelt.de\/#website"},"datePublished":"2021-10-18T14:14:40+00:00","dateModified":"2026-01-22T10:26:25+00:00","breadcrumb":{"@id":"https:\/\/kirwezelt.de\/cz\/impressum\/#breadcrumb"},"inLanguage":"cs-CZ","potentialAction":[{"@type":"ReadAction","target":["https:\/\/kirwezelt.de\/cz\/impressum\/"]}]},{"@type":"BreadcrumbList","@id":"https:\/\/kirwezelt.de\/cz\/impressum\/#breadcrumb","itemListElement":[{"@type":"ListItem","position":1,"name":"Startseite","item":"https:\/\/kirwezelt.de\/cz\/"},{"@type":"ListItem","position":2,"name":"Impressum"}]},{"@type":"WebSite","@id":"https:\/\/kirwezelt.de\/#website","url":"https:\/\/kirwezelt.de\/","name":"KIRWEZELT ERLBACH","description":"Wem k\u00f6iert die Kirwe?","publisher":{"@id":"https:\/\/kirwezelt.de\/#organization"},"potentialAction":[{"@type":"SearchAction","target":{"@type":"EntryPoint","urlTemplate":"https:\/\/kirwezelt.de\/?s={search_term_string}"},"query-input":{"@type":"PropertyValueSpecification","valueRequired":true,"valueName":"search_term_string"}}],"inLanguage":"cs-CZ"},{"@type":"Organization","@id":"https:\/\/kirwezelt.de\/#organization","name":"KIRWEZELT ERLBACH VERANSTALTUNGS Gbr","alternateName":"KIRWEZELT ERLBACH","url":"https:\/\/kirwezelt.de\/","logo":{"@type":"ImageObject","inLanguage":"cs-CZ","@id":"https:\/\/kirwezelt.de\/#\/schema\/logo\/image\/","url":"https:\/\/kirwezelt.de\/wp-content\/uploads\/2025\/07\/fb-profilbild-2025.jpg","contentUrl":"https:\/\/kirwezelt.de\/wp-content\/uploads\/2025\/07\/fb-profilbild-2025.jpg","width":1200,"height":1200,"caption":"KIRWEZELT ERLBACH VERANSTALTUNGS Gbr"},"image":{"@id":"https:\/\/kirwezelt.de\/#\/schema\/logo\/image\/"},"sameAs":["https:\/\/www.facebook.com\/Kirwezelt","https:\/\/www.instagram.com\/kirwezelt\/"]}]}},"_links":{"self":[{"href":"https:\/\/kirwezelt.de\/cz\/wp-json\/wp\/v2\/pages\/96","targetHints":{"allow":["GET"]}}],"collection":[{"href":"https:\/\/kirwezelt.de\/cz\/wp-json\/wp\/v2\/pages"}],"about":[{"href":"https:\/\/kirwezelt.de\/cz\/wp-json\/wp\/v2\/types\/page"}],"author":[{"embeddable":true,"href":"https:\/\/kirwezelt.de\/cz\/wp-json\/wp\/v2\/users\/1"}],"replies":[{"embeddable":true,"href":"https:\/\/kirwezelt.de\/cz\/wp-json\/wp\/v2\/comments?post=96"}],"version-history":[{"count":9,"href":"https:\/\/kirwezelt.de\/cz\/wp-json\/wp\/v2\/pages\/96\/revisions"}],"predecessor-version":[{"id":1632,"href":"https:\/\/kirwezelt.de\/cz\/wp-json\/wp\/v2\/pages\/96\/revisions\/1632"}],"wp:attachment":[{"href":"https:\/\/kirwezelt.de\/cz\/wp-json\/wp\/v2\/media?parent=96"}],"curies":[{"name":"wp","href":"https:\/\/api.w.org\/{rel}","templated":true}]}}